{"id":10,"date":"2025-08-16T00:31:38","date_gmt":"2025-08-15T21:31:38","guid":{"rendered":"https:\/\/u82595.www2.webdomain.fi\/?page_id=10"},"modified":"2025-08-19T01:11:15","modified_gmt":"2025-08-18T22:11:15","slug":"home","status":"publish","type":"page","link":"https:\/\/heittamaan.fi\/fi\/","title":{"rendered":"Home"},"content":{"rendered":"<div class=\"wp-block-cover alignfull has-custom-content-position is-position-top-left wp-duotone-unset-1\" style=\"margin-top:0;margin-bottom:0;padding-top:var(--wp--preset--spacing--50);padding-right:var(--wp--preset--spacing--50);padding-bottom:var(--wp--preset--spacing--50);padding-left:var(--wp--preset--spacing--50);min-height:500px;aspect-ratio:unset;\"><img loading=\"lazy\" decoding=\"async\" width=\"1024\" height=\"683\" class=\"wp-block-cover__image-background wp-image-32 size-large\" alt=\"\" src=\"http:\/\/u82595.www2.webdomain.fi\/wp-content\/uploads\/2025\/08\/golf-4535910-1024x683.jpg\" data-object-fit=\"cover\" srcset=\"https:\/\/heittamaan.fi\/wp-content\/uploads\/2025\/08\/golf-4535910-1024x683.jpg 1024w, https:\/\/heittamaan.fi\/wp-content\/uploads\/2025\/08\/golf-4535910-300x200.jpg 300w, https:\/\/heittamaan.fi\/wp-content\/uploads\/2025\/08\/golf-4535910-768x512.jpg 768w, https:\/\/heittamaan.fi\/wp-content\/uploads\/2025\/08\/golf-4535910-1536x1024.jpg 1536w, https:\/\/heittamaan.fi\/wp-content\/uploads\/2025\/08\/golf-4535910-2048x1365.jpg 2048w\" sizes=\"auto, (max-width: 1024px) 100vw, 1024px\" \/><span aria-hidden=\"true\" class=\"wp-block-cover__background has-accent-3-background-color has-background-dim-40 has-background-dim\"><\/span><div class=\"wp-block-cover__inner-container has-global-padding is-layout-constrained wp-container-core-cover-is-layout-d89aad35 wp-block-cover-is-layout-constrained\">\n<h2 class=\"wp-block-heading has-accent-2-color has-text-color has-xx-large-font-size\">L\u00f6yd\u00e4 heitt\u00e4misen ilo.<\/h2>\n<\/div><\/div>\n\n\n\n<div class=\"wp-block-group alignfull is-style-default is-layout-flow wp-block-group-is-layout-flow\" style=\"margin-top:0;margin-bottom:0;padding-top:0;padding-right:0;padding-bottom:0;padding-left:0\">\n<div class=\"wp-block-columns alignwide is-layout-flex wp-container-core-columns-is-layout-36c9c523 wp-block-columns-is-layout-flex\" style=\"margin-top:0;margin-bottom:0;padding-top:var(--wp--preset--spacing--40);padding-right:var(--wp--preset--spacing--40);padding-bottom:var(--wp--preset--spacing--40);padding-left:var(--wp--preset--spacing--40)\">\n<div class=\"wp-block-column is-vertically-aligned-center is-layout-flow wp-block-column-is-layout-flow\" style=\"flex-basis:50%\">\n<h2 class=\"wp-block-heading\">T\u00e4sm\u00ad\u00e4<wbr>\u00advalmennusta frisbeegolfiin<\/h2>\n\n\n\n<p>Olitpa vasta-alkaja tai jo pitk\u00e4\u00e4n pelannut, frisbeegolf tarjoaa parastaan silloin, kun heitto kulkee ja juttu luistaa.<\/p>\n\n\n\n<p>Heittamaan.fi on frisbeegolfin lajitekniikkaan ja lajitekniikan harjoitteluun erikoistunut palveluntarjoaja. Autamme pelaajia jatkuvan kehittymisen uralle.<\/p>\n\n\n\n<p>Meill\u00e4 opit konkreettisesti, miten ja milloin kehon eri osat osallistuvat heittoon, ja harjoituksen my\u00f6t\u00e4 pystyt suorittamaan liikkeet rennosti, turvallisesti ja ep\u00e4r\u00f6im\u00e4tt\u00e4.<\/p>\n\n\n\n<div class=\"wp-block-buttons is-layout-flex wp-block-buttons-is-layout-flex\">\n<div class=\"wp-block-button\"><a class=\"wp-block-button__link wp-element-button\" href=\"\/fi\/services\/\">Kuinka p\u00e4\u00e4sen alkuun?<\/a><\/div>\n<\/div>\n\n\n\n<p class=\"has-small-font-size\">Etsitk\u00f6 aktiviteettia ryhm\u00e4lle? <a href=\"\/fi\/groups\/\">Klikkaa t\u00e4st\u00e4.<\/a><\/p>\n<\/div>\n\n\n\n<div class=\"wp-block-column is-vertically-aligned-center is-layout-flow wp-block-column-is-layout-flow\" style=\"flex-basis:50%\">\n<iframe height=\"490\" frameborder=\"0\" style=\"border:0\" allowfullscreen=\"\" loading=\"lazy\" src=\"https:\/\/www.google.com\/maps\/embed\/v1\/place?key=AIzaSyDuJ4iwAUviXpmX8SgsKxabMT7HBqOiwCE&#038;q=Heittamaan.fi+-+frisbeegolfvalmennus&#038;zoom=10\"><\/iframe>\n<\/div>\n<\/div>\n<\/div>\n\n\n\n<div class=\"wp-block-group alignfull is-style-section-1 is-layout-flow wp-block-group-is-layout-flow is-style-section-1--2\" style=\"padding-top:0;padding-right:0;padding-bottom:0;padding-left:0\">\n<div class=\"wp-block-columns alignfull is-style-default has-accent-3-color has-text-color has-link-color wp-elements-d87446df6a689d3b27eb3f1b3849d1d9 is-layout-flex wp-container-core-columns-is-layout-55a977bd wp-block-columns-is-layout-flex\" style=\"padding-top:var(--wp--preset--spacing--40);padding-right:var(--wp--preset--spacing--40);padding-bottom:var(--wp--preset--spacing--40);padding-left:var(--wp--preset--spacing--40)\">\n<div class=\"wp-block-column is-vertically-aligned-center is-layout-flow wp-block-column-is-layout-flow\" style=\"padding-top:0;padding-right:0;padding-bottom:0;padding-left:0\">\n<div class=\"wp-block-group is-vertical is-content-justification-left is-layout-flex wp-container-core-group-is-layout-5d44742d wp-block-group-is-layout-flex\">\n<pre class=\"wp-block-verse is-style-default has-large-font-size\"><em><strong>Suoritusta kehitet\u00e4\u00e4n liikeratoja ohjelmoimalla, osa kerrallaan.<br>- Harjoitukset sopivat kaikille, ja antavat varmoja tuloksia.<\/strong><\/em><\/pre>\n\n\n\n<div aria-hidden=\"true\" class=\"wp-block-spacer is-style-default wp-container-content-9cfa9a5a\"><\/div>\n\n\n\n<pre class=\"wp-block-verse has-large-font-size\"><em><strong>Harjoitukset ovat sis\u00e4tiloihin sopivia.<br>- Voit harjoitella miss\u00e4 tahansa, ymp\u00e4ri vuoden.<\/strong><\/em><\/pre>\n\n\n\n<div aria-hidden=\"true\" class=\"wp-block-spacer is-style-default wp-container-content-9cfa9a5a\"><\/div>\n\n\n\n<pre class=\"wp-block-verse is-style-default has-large-font-size\"><em><strong>L\u00f6yd\u00e4 luottamus harjoitteluusi, ja nauti pelaamisesta.<\/strong><\/em><\/pre>\n<\/div>\n<\/div>\n\n\n\n<div class=\"wp-block-column is-layout-flow wp-block-column-is-layout-flow\">\n<figure class=\"wp-block-image size-large\"><img loading=\"lazy\" decoding=\"async\" width=\"768\" height=\"1024\" src=\"https:\/\/u82595.www2.webdomain.fi\/wp-content\/uploads\/2025\/08\/popup-768x1024.jpg\" alt=\"\" class=\"wp-image-88\" srcset=\"https:\/\/heittamaan.fi\/wp-content\/uploads\/2025\/08\/popup-768x1024.jpg 768w, https:\/\/heittamaan.fi\/wp-content\/uploads\/2025\/08\/popup-225x300.jpg 225w, https:\/\/heittamaan.fi\/wp-content\/uploads\/2025\/08\/popup-1152x1536.jpg 1152w, https:\/\/heittamaan.fi\/wp-content\/uploads\/2025\/08\/popup-1536x2048.jpg 1536w, https:\/\/heittamaan.fi\/wp-content\/uploads\/2025\/08\/popup-scaled.jpg 1920w\" sizes=\"auto, (max-width: 768px) 100vw, 768px\" \/><\/figure>\n<\/div>\n<\/div>\n<\/div>\n\n\n\n<div class=\"wp-block-group alignfull is-layout-flow wp-block-group-is-layout-flow\" style=\"padding-top:0;padding-right:0;padding-bottom:0;padding-left:0\">\n<div class=\"wp-block-columns alignfull is-layout-flex wp-container-core-columns-is-layout-af5fb4b5 wp-block-columns-is-layout-flex\" style=\"padding-top:var(--wp--preset--spacing--40);padding-right:var(--wp--preset--spacing--40);padding-bottom:var(--wp--preset--spacing--40);padding-left:var(--wp--preset--spacing--40)\">\n<div class=\"wp-block-column is-vertically-aligned-center is-layout-flow wp-block-column-is-layout-flow\" style=\"padding-right:0;padding-left:0\">\n<h2 class=\"wp-block-heading has-text-align-center\">Kysytt\u00e4v\u00e4\u00e4?<\/h2>\n\n\n\n<p class=\"has-text-align-center\">L\u00e4het\u00e4 viestisi t\u00e4ll\u00e4 lomakkeella.<\/p>\n<\/div>\n\n\n\n<div class=\"wp-block-column is-layout-flow wp-block-column-is-layout-flow\"><style id=\"wpforms-css-vars-183-block-84278ef8-0287-4f38-9bd4-42a0d4ae0a5f\">\n\t\t\t\t#wpforms-183.wpforms-block-84278ef8-0287-4f38-9bd4-42a0d4ae0a5f {\n\t\t\t\t--wpforms-field-size-input-height: 43px;\n--wpforms-field-size-input-spacing: 15px;\n--wpforms-field-size-font-size: 16px;\n--wpforms-field-size-line-height: 19px;\n--wpforms-field-size-padding-h: 14px;\n--wpforms-field-size-checkbox-size: 16px;\n--wpforms-field-size-sublabel-spacing: 5px;\n--wpforms-field-size-icon-size: 1;\n--wpforms-label-size-font-size: 16px;\n--wpforms-label-size-line-height: 19px;\n--wpforms-label-size-sublabel-font-size: 14px;\n--wpforms-label-size-sublabel-line-height: 17px;\n--wpforms-button-size-font-size: 17px;\n--wpforms-button-size-height: 41px;\n--wpforms-button-size-padding-h: 15px;\n--wpforms-button-size-margin-top: 10px;\n\t\t\t}\n\t\t\t<\/style><div class=\"wpforms-container wpforms-container-full wpforms-block wpforms-block-84278ef8-0287-4f38-9bd4-42a0d4ae0a5f wpforms-render-modern\" id=\"wpforms-183\"><form id=\"wpforms-form-183\" class=\"wpforms-validate wpforms-form wpforms-ajax-form\" data-formid=\"183\" method=\"post\" enctype=\"multipart\/form-data\" action=\"\/fi\/wp-json\/wp\/v2\/pages\/10\" data-token=\"cd214555e4d7a458a277c1db197062a8\" data-token-time=\"1775513239\" data-trp-original-action=\"\/fi\/wp-json\/wp\/v2\/pages\/10\"><noscript class=\"wpforms-error-noscript\">Please enable JavaScript in your browser to complete this form.<\/noscript><div id=\"wpforms-error-noscript\" style=\"display: none;\">Please enable JavaScript in your browser to complete this form.<\/div><div class=\"wpforms-field-container\"><div id=\"wpforms-183-field_1-container\" class=\"wpforms-field wpforms-field-name\" data-field-id=\"1\"><label class=\"wpforms-field-label\" for=\"wpforms-183-field_1\">Nimi <span class=\"wpforms-required-label\" aria-hidden=\"true\">*<\/span><\/label><input type=\"text\" id=\"wpforms-183-field_1\" class=\"wpforms-field-medium wpforms-field-required\" name=\"wpforms[fields][1]\" aria-errormessage=\"wpforms-183-field_1-error\" required><\/div><div id=\"wpforms-183-field_2-container\" class=\"wpforms-field wpforms-field-email\" data-field-id=\"2\"><label class=\"wpforms-field-label\" for=\"wpforms-183-field_2\">S\u00e4hk\u00f6posti <span class=\"wpforms-required-label\" aria-hidden=\"true\">*<\/span><\/label><input type=\"email\" id=\"wpforms-183-field_2\" class=\"wpforms-field-medium wpforms-field-required\" name=\"wpforms[fields][2]\" spellcheck=\"false\" aria-errormessage=\"wpforms-183-field_2-error\" required><\/div>\t\t<div id=\"wpforms-183-field_4-container\"\n\t\t\tclass=\"wpforms-field wpforms-field-text\"\n\t\t\tdata-field-type=\"text\"\n\t\t\tdata-field-id=\"4\"\n\t\t\t>\n\t\t\t<label class=\"wpforms-field-label\" for=\"wpforms-183-field_4\" >Name Email message<\/label>\n\t\t\t<input type=\"text\" id=\"wpforms-183-field_4\" class=\"wpforms-field-medium\" name=\"wpforms[fields][4]\" >\n\t\t<\/div>\n\t\t<div id=\"wpforms-183-field_3-container\" class=\"wpforms-field wpforms-field-textarea\" data-field-id=\"3\"><label class=\"wpforms-field-label\" for=\"wpforms-183-field_3\">Viesti <span class=\"wpforms-required-label\" aria-hidden=\"true\">*<\/span><\/label><textarea id=\"wpforms-183-field_3\" class=\"wpforms-field-medium wpforms-field-required\" name=\"wpforms[fields][3]\" aria-errormessage=\"wpforms-183-field_3-error\" required><\/textarea><\/div><script>\n\t\t\t\t( function() {\n\t\t\t\t\tconst style = document.createElement( 'style' );\n\t\t\t\t\tstyle.appendChild( document.createTextNode( '#wpforms-183-field_4-container { position: absolute !important; overflow: hidden !important; display: inline !important; height: 1px !important; width: 1px !important; z-index: -1000 !important; padding: 0 !important; } #wpforms-183-field_4-container input { visibility: hidden; } #wpforms-conversational-form-page #wpforms-183-field_4-container label { counter-increment: none; }' ) );\n\t\t\t\t\tdocument.head.appendChild( style );\n\t\t\t\t\tdocument.currentScript?.remove();\n\t\t\t\t} )();\n\t\t\t<\/script><\/div><!-- .wpforms-field-container --><div class=\"wpforms-submit-container\" ><input type=\"hidden\" name=\"wpforms[id]\" value=\"183\"><input type=\"hidden\" name=\"page_title\" value=\"\"><input type=\"hidden\" name=\"page_url\" value=\"https:\/\/heittamaan.fi\/fi\/wp-json\/wp\/v2\/pages\/10\"><input type=\"hidden\" name=\"url_referer\" value=\"\"><button type=\"submit\" name=\"wpforms[submit]\" id=\"wpforms-submit-183\" class=\"wpforms-submit\" data-alt-text=\"Sending\u2026\" data-submit-text=\"Send\" aria-live=\"assertive\" value=\"wpforms-submit\">L\u00e4het\u00e4<\/button><img loading=\"lazy\" decoding=\"async\" src=\"https:\/\/heittamaan.fi\/wp-content\/plugins\/wpforms-lite\/assets\/images\/submit-spin.svg\" class=\"wpforms-submit-spinner\" style=\"display: none;\" width=\"26\" height=\"26\" alt=\"Loading\"><\/div><input type=\"hidden\" name=\"trp-form-language\" value=\"fi\"\/><\/form><\/div>  <!-- .wpforms-container --><\/div>\n<\/div>\n<\/div>","protected":false},"excerpt":{"rendered":"<p>Targeted disc golf coaching What would motivate us better than seeing progress? Disc golf is at its best when you hit your lines and the conversations are flowing. Heittamaan.fi is a service provider specialized in teaching disc golf throwing technique. We have been helping people improve their game since 2021. We will teach you when, [&hellip;]<\/p>","protected":false},"author":1,"featured_media":0,"parent":0,"menu_order":0,"comment_status":"closed","ping_status":"closed","template":"page-no-title","meta":{"footnotes":""},"class_list":["post-10","page","type-page","status-publish","hentry"],"_links":{"self":[{"href":"https:\/\/heittamaan.fi\/fi\/wp-json\/wp\/v2\/pages\/10","targetHints":{"allow":["GET"]}}],"collection":[{"href":"https:\/\/heittamaan.fi\/fi\/wp-json\/wp\/v2\/pages"}],"about":[{"href":"https:\/\/heittamaan.fi\/fi\/wp-json\/wp\/v2\/types\/page"}],"author":[{"embeddable":true,"href":"https:\/\/heittamaan.fi\/fi\/wp-json\/wp\/v2\/users\/1"}],"replies":[{"embeddable":true,"href":"https:\/\/heittamaan.fi\/fi\/wp-json\/wp\/v2\/comments?post=10"}],"version-history":[{"count":57,"href":"https:\/\/heittamaan.fi\/fi\/wp-json\/wp\/v2\/pages\/10\/revisions"}],"predecessor-version":[{"id":255,"href":"https:\/\/heittamaan.fi\/fi\/wp-json\/wp\/v2\/pages\/10\/revisions\/255"}],"wp:attachment":[{"href":"https:\/\/heittamaan.fi\/fi\/wp-json\/wp\/v2\/media?parent=10"}],"curies":[{"name":"wp","href":"https:\/\/api.w.org\/{rel}","templated":true}]}}