{"id":125,"date":"2025-08-17T12:12:50","date_gmt":"2025-08-17T09:12:50","guid":{"rendered":"https:\/\/u82595.www2.webdomain.fi\/?page_id=125"},"modified":"2025-08-18T23:37:25","modified_gmt":"2025-08-18T20:37:25","slug":"pricing","status":"publish","type":"page","link":"https:\/\/heittamaan.fi\/fi\/pricing\/","title":{"rendered":"Hinnat &amp; maksaminen"},"content":{"rendered":"<div class=\"wp-block-group alignfull is-style-default has-global-padding is-content-justification-left is-layout-constrained wp-container-core-group-is-layout-fb7ccc97 wp-block-group-is-layout-constrained\" style=\"padding-top:var(--wp--preset--spacing--40);padding-right:var(--wp--preset--spacing--40);padding-bottom:var(--wp--preset--spacing--40);padding-left:var(--wp--preset--spacing--40)\">\n<h2 class=\"wp-block-heading has-text-align-left\">Hinnat &amp; maksaminen<\/h2>\n\n\n\n<div class=\"wp-block-columns alignfull is-layout-flex wp-container-core-columns-is-layout-85958d59 wp-block-columns-is-layout-flex\" style=\"padding-top:var(--wp--preset--spacing--40);padding-right:var(--wp--preset--spacing--40);padding-bottom:var(--wp--preset--spacing--40);padding-left:var(--wp--preset--spacing--40)\">\n<div class=\"wp-block-column is-layout-flow wp-block-column-is-layout-flow\">\n<p>Aloituskeskustelu: 25\u20ac<\/p>\n\n\n\n<p>Valmennus- tai ohjaustunti: 60\u20ac<\/p>\n\n\n\n<details class=\"wp-block-details is-layout-flow wp-block-details-is-layout-flow\"><summary>Kaksi valmennus- tai ohjaustuntia: 110\u20ac<br>(55 \u20ac \/ tunti)<\/summary>\n<p>Tiivis vaihtoehto tietyn osa-alueen kehitt\u00e4miseen, tai pelk\u00e4n k\u00e4mmenheiton l\u00e4pik\u00e4yntiin.<\/p>\n<\/details>\n\n\n\n<details class=\"wp-block-details is-layout-flow wp-block-details-is-layout-flow\"><summary>Kolme valmennus- tai ohjaustuntia: 153 \u20ac<br>(51 \u20ac \/ tunti)<\/summary>\n<p>Suositeltu vaihtoehto koko rystyheiton l\u00e4pik\u00e4yntiin.<\/p>\n<\/details>\n\n\n\n<details class=\"wp-block-details is-layout-flow wp-block-details-is-layout-flow\"><summary>Nelj\u00e4 valmennus- tai ohjaustuntia: 192 \u20ac<br>(48 \u20ac \/ tunti)<\/summary>\n<p>Laajennettu vaihtoehto rauhallisempaan etenemiseen, tai rysty- ja k\u00e4mmenheiton l\u00e4pik\u00e4yntiin.<\/p>\n<\/details>\n\n\n\n<p class=\"has-medium-font-size\">Ostamasi tunnit ovat k\u00e4ytett\u00e4viss\u00e4 12 kuukauden ajan ostohetkest\u00e4, ja voit k\u00e4ytt\u00e4\u00e4 niit\u00e4 hyvin joustavasti. Voit esimerkiksi tulla valmennukseen kaverisi kanssa, jolloin yhden tunnin sijaan k\u00e4ytet\u00e4\u00e4n kaksi tuntia.<\/p>\n\n\n\n<p class=\"has-medium-font-size\"><strong>Huomioithan, ett\u00e4 liikuntaedulla ostetut tunnit on aina k\u00e4ytett\u00e4v\u00e4 itse.<\/strong><\/p>\n<\/div>\n\n\n\n<div class=\"wp-block-column is-layout-flow wp-block-column-is-layout-flow\">\n<h3 class=\"wp-block-heading\">Maksa liikuntaedulla:<\/h3>\n\n\n\n<div class=\"wp-block-group is-nowrap is-layout-flex wp-container-core-group-is-layout-6c531013 wp-block-group-is-layout-flex\">\n<figure class=\"wp-block-image size-medium\"><a href=\"https:\/\/edenred.fi\"><img loading=\"lazy\" decoding=\"async\" width=\"300\" height=\"192\" src=\"https:\/\/u82595.www2.webdomain.fi\/wp-content\/uploads\/2025\/08\/Edenred_logo_RGB_red-300x192.png\" alt=\"\" class=\"wp-image-134\" srcset=\"https:\/\/heittamaan.fi\/wp-content\/uploads\/2025\/08\/Edenred_logo_RGB_red-300x192.png 300w, https:\/\/heittamaan.fi\/wp-content\/uploads\/2025\/08\/Edenred_logo_RGB_red-1024x657.png 1024w, https:\/\/heittamaan.fi\/wp-content\/uploads\/2025\/08\/Edenred_logo_RGB_red-768x493.png 768w, https:\/\/heittamaan.fi\/wp-content\/uploads\/2025\/08\/Edenred_logo_RGB_red-18x12.png 18w, https:\/\/heittamaan.fi\/wp-content\/uploads\/2025\/08\/Edenred_logo_RGB_red.png 1239w\" sizes=\"auto, (max-width: 300px) 100vw, 300px\" \/><\/a><\/figure>\n\n\n\n<figure class=\"wp-block-image size-medium\"><a href=\"https:\/\/epassi.fi\"><img loading=\"lazy\" decoding=\"async\" width=\"300\" height=\"94\" src=\"https:\/\/u82595.www2.webdomain.fi\/wp-content\/uploads\/2025\/08\/Epassi20Logo20Primary20Color20RGB-300x94.png\" alt=\"\" class=\"wp-image-133\" srcset=\"https:\/\/heittamaan.fi\/wp-content\/uploads\/2025\/08\/Epassi20Logo20Primary20Color20RGB-300x94.png 300w, https:\/\/heittamaan.fi\/wp-content\/uploads\/2025\/08\/Epassi20Logo20Primary20Color20RGB-18x6.png 18w, https:\/\/heittamaan.fi\/wp-content\/uploads\/2025\/08\/Epassi20Logo20Primary20Color20RGB.png 608w\" sizes=\"auto, (max-width: 300px) 100vw, 300px\" \/><\/a><\/figure>\n<\/div>\n\n\n\n<h3 class=\"wp-block-heading\">Maksa tilisiirrolla:<\/h3>\n\n\n\n<p class=\"has-medium-font-size\">MobilePay, sek\u00e4 suorat pankkisiirrot kaikki k\u00e4yv\u00e4t. Puhelinnumeron saat valmentajaltasi pyydett\u00e4ess\u00e4.<\/p>\n\n\n\n<p>PayPal:<br><a target=\"_blank\" rel=\"noreferrer noopener\" href=\"https:\/\/paypal.me\/heittamaan\">paypal.me\/heittamaan<\/a><\/p>\n\n\n\n<p>Pankkitili:<br>Jyrki Ruuskanen<br>FI26 1220 3500 7522 13<\/p>\n\n\n\n<p class=\"has-medium-font-size\">Merkitse maksun viestiin nimesi ja oston kohde, esimerkiksi \"Antero Hysse, 2 tuntia\"<\/p>\n<\/div>\n<\/div>\n<\/div>","protected":false},"excerpt":{"rendered":"<p>Pricing Kick-off session: 25 \u20ac Coaching session (1 hour): 60 \u20ac The sessions you buy are valid for 12 months from the time of purchase, and you can use them very flexibly. For example, you may come to a coaching session with a friend, in which case the session consumes two purchased hours instead of [&hellip;]<\/p>","protected":false},"author":1,"featured_media":0,"parent":0,"menu_order":0,"comment_status":"closed","ping_status":"closed","template":"page-no-title","meta":{"footnotes":""},"class_list":["post-125","page","type-page","status-publish","hentry"],"_links":{"self":[{"href":"https:\/\/heittamaan.fi\/fi\/wp-json\/wp\/v2\/pages\/125","targetHints":{"allow":["GET"]}}],"collection":[{"href":"https:\/\/heittamaan.fi\/fi\/wp-json\/wp\/v2\/pages"}],"about":[{"href":"https:\/\/heittamaan.fi\/fi\/wp-json\/wp\/v2\/types\/page"}],"author":[{"embeddable":true,"href":"https:\/\/heittamaan.fi\/fi\/wp-json\/wp\/v2\/users\/1"}],"replies":[{"embeddable":true,"href":"https:\/\/heittamaan.fi\/fi\/wp-json\/wp\/v2\/comments?post=125"}],"version-history":[{"count":9,"href":"https:\/\/heittamaan.fi\/fi\/wp-json\/wp\/v2\/pages\/125\/revisions"}],"predecessor-version":[{"id":244,"href":"https:\/\/heittamaan.fi\/fi\/wp-json\/wp\/v2\/pages\/125\/revisions\/244"}],"wp:attachment":[{"href":"https:\/\/heittamaan.fi\/fi\/wp-json\/wp\/v2\/media?parent=125"}],"curies":[{"name":"wp","href":"https:\/\/api.w.org\/{rel}","templated":true}]}}