{"id":197,"date":"2025-08-18T23:30:06","date_gmt":"2025-08-18T20:30:06","guid":{"rendered":"https:\/\/u82595.www2.webdomain.fi\/?page_id=197"},"modified":"2025-08-18T23:32:59","modified_gmt":"2025-08-18T20:32:59","slug":"groups","status":"publish","type":"page","link":"https:\/\/heittamaan.fi\/fi\/groups\/","title":{"rendered":"Ryhm\u00e4t"},"content":{"rendered":"<div class=\"wp-block-group alignfull has-global-padding is-content-justification-left is-layout-constrained wp-container-core-group-is-layout-2de34087 wp-block-group-is-layout-constrained\" style=\"padding-top:var(--wp--preset--spacing--40);padding-right:var(--wp--preset--spacing--40);padding-bottom:var(--wp--preset--spacing--40);padding-left:var(--wp--preset--spacing--40)\">\n<h2 class=\"wp-block-heading has-text-align-left\">Ryhm\u00e4aktiviteetit<\/h2>\n\n\n\n<div class=\"wp-block-columns alignfull is-layout-flex wp-container-core-columns-is-layout-af5fb4b5 wp-block-columns-is-layout-flex\" style=\"padding-top:var(--wp--preset--spacing--40);padding-right:var(--wp--preset--spacing--40);padding-bottom:var(--wp--preset--spacing--40);padding-left:var(--wp--preset--spacing--40)\">\n<div class=\"wp-block-column is-layout-flow wp-block-column-is-layout-flow\">\n<h3 class=\"wp-block-heading\">Vaihtoehto 1: Sekalainen sakki<\/h3>\n\n\n\n<p>T\u00e4m\u00e4 vaihtoehto soveltuu esimerkiksi ty\u00f6porukoille, joissa on paljon ensikertalaisia ja aloittelijoita.<\/p>\n\n\n\n<p>Mit\u00e4 tarvitset:<\/p>\n\n\n\n<ul class=\"wp-block-list\">\n<li>Sopivan ajan ja radan<\/li>\n\n\n\n<li>Oma porukka paikalle<\/li>\n\n\n\n<li>Apuvalmentajina toimivat kokeneemmat frisbeegolfaajat omasta porukasta (yksi jokaista viitt\u00e4 aloittelijaa kohti)<\/li>\n<\/ul>\n\n\n\n<p>Mit\u00e4 saat:<\/p>\n\n\n\n<ul class=\"wp-block-list\">\n<li>Lyhyt lajiesittely<\/li>\n\n\n\n<li>Tuloskortit<\/li>\n\n\n\n<li>Lainakiekot niit\u00e4 tarvitseville<\/li>\n\n\n\n<li>Haastetta kokeneille pelaajille<\/li>\n\n\n\n<li>Lajikokemusta aloittelijoille<\/li>\n\n\n\n<li>Kokonaiskesto on 3-4 tuntia, riippuen pelattavien v\u00e4ylien m\u00e4\u00e4r\u00e4st\u00e4<\/li>\n<\/ul>\n\n\n\n<p><strong>Hinta: 250 \u20ac<\/strong><\/p>\n<\/div>\n\n\n\n<div class=\"wp-block-column is-layout-flow wp-block-column-is-layout-flow\">\n<h3 class=\"wp-block-heading\">Vaihtoehto 2: Aktiiviharrastajien ryhm\u00e4<\/h3>\n\n\n\n<p>T\u00e4m\u00e4 klinikkamuotoinen vaihtoehto soveltuu aktiivisille pelaajille, jotka haluavat l\u00f6yt\u00e4\u00e4 uutta suuntaa ja inspriraatiota omaan harjoitteluunsa.<\/p>\n\n\n\n<p>Mit\u00e4 tarvitset:<\/p>\n\n\n\n<ul class=\"wp-block-list\">\n<li>Sopivan ajan ja paikan<\/li>\n\n\n\n<li>Oma porukka paikalle<\/li>\n<\/ul>\n\n\n\n<p>Mit\u00e4 saat:<\/p>\n\n\n\n<ul class=\"wp-block-list\">\n<li>Frisbeegolftekniikan avainkohtien ja harjoittelun l\u00e4pik\u00e4ynti<\/li>\n\n\n\n<li>Vastauksia kysymyksiin k\u00e4ytett\u00e4viss\u00e4 olevan ajan puitteissa<\/li>\n\n\n\n<li>Kokonaiskesto on noin 1 tunti<\/li>\n<\/ul>\n\n\n\n<p><strong>Hinta: 20 \u20ac \/ henkil\u00f6, v\u00e4hint\u00e4\u00e4n 120 \u20ac<\/strong><\/p>\n<\/div>\n<\/div>\n<\/div>","protected":false},"excerpt":{"rendered":"<p>Group offerings Option 1: Team building This option is suitable for groups where most of the participants are beginners or have never played disc golf. What you&#8217;ll need: What you&#8217;ll get: Price: 250 \u20ac Option 2: Disc golf clinic This option is suitable for groups of active disc golfers who are looking for new directions [&hellip;]<\/p>","protected":false},"author":1,"featured_media":0,"parent":0,"menu_order":0,"comment_status":"closed","ping_status":"closed","template":"page-no-title","meta":{"footnotes":""},"class_list":["post-197","page","type-page","status-publish","hentry"],"_links":{"self":[{"href":"https:\/\/heittamaan.fi\/fi\/wp-json\/wp\/v2\/pages\/197","targetHints":{"allow":["GET"]}}],"collection":[{"href":"https:\/\/heittamaan.fi\/fi\/wp-json\/wp\/v2\/pages"}],"about":[{"href":"https:\/\/heittamaan.fi\/fi\/wp-json\/wp\/v2\/types\/page"}],"author":[{"embeddable":true,"href":"https:\/\/heittamaan.fi\/fi\/wp-json\/wp\/v2\/users\/1"}],"replies":[{"embeddable":true,"href":"https:\/\/heittamaan.fi\/fi\/wp-json\/wp\/v2\/comments?post=197"}],"version-history":[{"count":7,"href":"https:\/\/heittamaan.fi\/fi\/wp-json\/wp\/v2\/pages\/197\/revisions"}],"predecessor-version":[{"id":241,"href":"https:\/\/heittamaan.fi\/fi\/wp-json\/wp\/v2\/pages\/197\/revisions\/241"}],"wp:attachment":[{"href":"https:\/\/heittamaan.fi\/fi\/wp-json\/wp\/v2\/media?parent=197"}],"curies":[{"name":"wp","href":"https:\/\/api.w.org\/{rel}","templated":true}]}}