{"id":99,"date":"2025-08-17T12:10:53","date_gmt":"2025-08-17T09:10:53","guid":{"rendered":"https:\/\/u82595.www2.webdomain.fi\/?page_id=99"},"modified":"2025-08-18T23:35:14","modified_gmt":"2025-08-18T20:35:14","slug":"services","status":"publish","type":"page","link":"https:\/\/heittamaan.fi\/fi\/services\/","title":{"rendered":"Palvelut"},"content":{"rendered":"<div class=\"wp-block-group alignfull is-style-section-3 has-global-padding is-layout-constrained wp-container-core-group-is-layout-52009084 wp-block-group-is-layout-constrained is-style-section-3--1\" style=\"padding-top:var(--wp--preset--spacing--40);padding-right:var(--wp--preset--spacing--40);padding-bottom:var(--wp--preset--spacing--40);padding-left:var(--wp--preset--spacing--40)\">\n<h2 class=\"wp-block-heading\">Valmennuksen aloittaminen<\/h2>\n\n\n\n<p>Valmennus alkaa aloituskeskustelulla. Aloituskeskustelussa juttelemme tavoitteistasi, haasteistasi ja alustamme suunnitelmaa pelisi kehitt\u00e4miseksi. Aloituskeskustelussa ei viel\u00e4 aloiteta varsinaista harjoittelua.<\/p>\n\n\n\n<p>Aloituskeskustelusta saat k\u00e4sityksen tulevan valmennuksen rakenteesta, ja odotettavissa olevista vaikutuksista juuri sinun tapauksessasi.<\/p>\n\n\n\n<p>Aloituskeskustelu j\u00e4rjestet\u00e4\u00e4n erikseen sovittuna ajankohtana, sinulle parhaiten sopivalla tavalla: puheluna, videopuheluna, ulkona jossain l\u00e4hialueen liikuntapaikassa, tai vaikkapa rentona neppailukierroksena Malminiityn frisbeegolfradalla.<\/p>\n\n\n\n<p><a href=\"\/fi\/a-word-from-the-coach\/\">Tutustu valmentajaasi<\/a><\/p>\n\n\n\n<p><a href=\"\/fi\/pricing\/\">Hinnat ja maksutavat<\/a><\/p>\n\n\n\n<div class=\"wp-block-buttons is-layout-flex wp-block-buttons-is-layout-flex\">\n<div class=\"wp-block-button\"><a class=\"wp-block-button__link wp-element-button\" href=\"https:\/\/calendly.com\/heittamaan\/aloituskeskustelu\">Varaa aloituskeskustelu<\/a><\/div>\n<\/div>\n<\/div>\n\n\n\n<div class=\"wp-block-group alignfull has-global-padding is-layout-constrained wp-container-core-group-is-layout-52009084 wp-block-group-is-layout-constrained\" style=\"padding-top:var(--wp--preset--spacing--40);padding-right:var(--wp--preset--spacing--40);padding-bottom:var(--wp--preset--spacing--40);padding-left:var(--wp--preset--spacing--40)\">\n<h2 class=\"wp-block-heading\">Valmennus ja ohjaus<\/h2>\n\n\n\n<p>Kun aloituskeskustelu on k\u00e4yty, valmennuksessa p\u00e4\u00e4st\u00e4\u00e4n heti sujuvasti liikkeelle. Suunnittelen valmennuksen etenemisen valmennettavan ja k\u00e4ytett\u00e4viss\u00e4 olevien valmennuskertojen m\u00e4\u00e4r\u00e4n perusteella, ennen jokaista tuntia.<\/p>\n\n\n\n<p>Valmennustunneilla opetellaan k\u00e4yt\u00e4nn\u00f6llisi\u00e4 harjoitteita, mielikuvia ja rutiineja, joiden avulla voit muuttaa suoritustasi tavoitteidesi suuntaan, v\u00e4hitellen ja pysyv\u00e4sti. Harjoitteissa ei heitet\u00e4 mit\u00e4\u00e4n, joten niit\u00e4 voi suorittaa oikeastaan miss\u00e4 tahansa. Toistoja saadaan paljon, s\u00e4\u00e4st\u00e4 riippumatta.<\/p>\n\n\n\n<p>Valmennustunnin j\u00e4lkeen l\u00e4het\u00e4n sinulle yhteenvedon l\u00e4pik\u00e4ydyist\u00e4 ja harjoiteltavista asioista. Yhteenveto motivoi ja ohjaa harjoittelemistasi valmennuskertojen v\u00e4liss\u00e4.<\/p>\n\n\n\n<p>Harjoiteltaviin liikeratoihin tottuminen ja rentouden saavuttaminen ei tapahdu hetkess\u00e4. Valmennuskertojen v\u00e4li onkin tyypillisesti v\u00e4hint\u00e4\u00e4n kaksi viikkoa, jotta omatoimiseen harjoitteluun on riitt\u00e4v\u00e4sti aikaa. P\u00e4\u00e4t\u00e4t itse milloin on aika menn\u00e4 harjoituksissa seuraavalle tasolle. Tavoitetta kohti menn\u00e4\u00e4n rauhassa ja laadukkaasti, askel kerrallaan.<\/p>\n\n\n\n<div class=\"wp-block-buttons is-layout-flex wp-block-buttons-is-layout-flex\">\n<div class=\"wp-block-button\"><a class=\"wp-block-button__link wp-element-button\" href=\"https:\/\/calendly.com\/heittamaan\/valmennus\">Varaa valmennustunti<\/a><\/div>\n<\/div>\n<\/div>","protected":false},"excerpt":{"rendered":"<p>Getting started Coaching starts with a kick-off session. The purpose of the kick-off is to gather information for effective and personalized coaching. Information such as your sports background, short and long-term goals, current form and the challenges associated with it. Kick-off will provide you with an understanding of how the coaching is structured and carried [&hellip;]<\/p>","protected":false},"author":1,"featured_media":0,"parent":0,"menu_order":0,"comment_status":"closed","ping_status":"closed","template":"page-no-title","meta":{"footnotes":""},"class_list":["post-99","page","type-page","status-publish","hentry"],"_links":{"self":[{"href":"https:\/\/heittamaan.fi\/fi\/wp-json\/wp\/v2\/pages\/99","targetHints":{"allow":["GET"]}}],"collection":[{"href":"https:\/\/heittamaan.fi\/fi\/wp-json\/wp\/v2\/pages"}],"about":[{"href":"https:\/\/heittamaan.fi\/fi\/wp-json\/wp\/v2\/types\/page"}],"author":[{"embeddable":true,"href":"https:\/\/heittamaan.fi\/fi\/wp-json\/wp\/v2\/users\/1"}],"replies":[{"embeddable":true,"href":"https:\/\/heittamaan.fi\/fi\/wp-json\/wp\/v2\/comments?post=99"}],"version-history":[{"count":9,"href":"https:\/\/heittamaan.fi\/fi\/wp-json\/wp\/v2\/pages\/99\/revisions"}],"predecessor-version":[{"id":210,"href":"https:\/\/heittamaan.fi\/fi\/wp-json\/wp\/v2\/pages\/99\/revisions\/210"}],"wp:attachment":[{"href":"https:\/\/heittamaan.fi\/fi\/wp-json\/wp\/v2\/media?parent=99"}],"curies":[{"name":"wp","href":"https:\/\/api.w.org\/{rel}","templated":true}]}}